{"id":9088,"date":"2022-04-27T06:17:54","date_gmt":"2022-04-27T06:17:54","guid":{"rendered":"https:\/\/mpeda.gov.in\/?page_id=9088"},"modified":"2023-04-19T13:31:33","modified_gmt":"2023-04-19T08:01:33","slug":"mpeda-golden-jubilee-marine-quiz-2022","status":"publish","type":"page","link":"https:\/\/mpeda.gov.in\/?page_id=9088","title":{"rendered":"Bursa Escort"},"content":{"rendered":"\n<p>Bursa Escort Ne Demek?<\/p>\n\n\n\n<p>Bursa ilinde hizmet veren, \u00e7o\u011funlukla gen\u00e7 ve orta ya\u015fl\u0131 bayanlar\u0131n para kar\u015f\u0131l\u0131\u011f\u0131 yapt\u0131\u011f\u0131 meslektir.&nbsp;<a href=\"https:\/\/bursaescort.com\/\">Bursa Escort<\/a>&nbsp;olarak anal, oral, masaj, ucuz vb gibi hizmet i\u00e7in resmi ve g\u00fcvenilir web site olan bursaescort.com siz ziyaret\u00e7ilere foto\u011frafl\u0131 ve a\u00e7\u0131klamal\u0131 olarak bayan portf\u00f6y\u00fc sunar.<\/p>\n\n\n\n<p>Bursa Escort Nerede Bulunur?<\/p>\n\n\n\n<p>Teknoloji \u00e7ok geli\u015fmemi\u015f iken bursa escort bayanlar genelde sokaklar da veya belirlenen ev\/hotel vb tarz\u0131 yerlerde hizmet vermi\u015ftir. Fakat g\u00fcn\u00fcm\u00fczde telefon, bilgisayar sayesinde internetten bulabilir hatta canl\u0131 chat \u00f6zelli\u011fi sayesinde tan\u0131\u015f\u0131p, sesli konu\u015fabilirsiniz.<\/p>\n\n\n\n<p><a href=\"https:\/\/bursaescort.com\/\">bursaescort.com<\/a>&nbsp;G\u00fcvenilir Mi?<\/p>\n\n\n\n<p>Kesinlikle! Web sitemizde bulunan bayanlar onayl\u0131d\u0131r. Fakat her ihtimale kar\u015f\u0131 sizlerden ATM arac\u0131l\u0131\u011f\u0131 ile para isteyen olur ise l\u00fctfen site yetkililerine bildirin. Ger\u00e7ek ve kaliteli bursa escort kad\u0131nlar \u00f6demeleri elden al\u0131r ve sizinle sevgili tad\u0131nda sevi\u015firler. Ayr\u0131ca bayanlar ile pazarl\u0131k yapmaman\u0131z gerekiyor. \u00c7\u00fcnk\u00fc siz fiyat indirmeye \u00e7al\u0131\u015f\u0131rs\u0131n\u0131z ama asl\u0131nda yapt\u0131\u011f\u0131n\u0131z \u015fey kar\u015f\u0131 taraf\u0131n size olan iste\u011fini indirmektir. Yani fiyat k\u0131rd\u0131k\u00e7a size verecekleri zevk ayn\u0131 oranda d\u00fc\u015fecektir, unutmay\u0131n!<\/p>\n\n\n\n<p>Bursa Escort Bayan Nerede Hizmet Veriyor?<\/p>\n\n\n\n<p>Genellikle kendi evlerinde hizmet veren bursa escort, sizlerin belirledi\u011fi hotel\/apart\/ofis vb tarz\u0131 yerlere de gelmektedir, fakat hepsi de\u011fil. \u00d6zellikle son d\u00f6nemde artan h\u0131rs\u0131zl\u0131k olaylar\u0131ndan dolay\u0131, siz de\u011ferli ziyaret\u00e7ilerin kesinlikle ucuza ka\u00e7madan d\u00fczg\u00fcn bir&nbsp;<a href=\"https:\/\/bursaescort.com\/\">bursa escort bayan<\/a>&nbsp;ile tan\u0131\u015fman\u0131z\u0131 isteriz.<\/p>\n\n\n\n<p>Bursa Escort Ne Yapar?<\/p>\n\n\n\n<p>\u0130lk akla gelen seks tabiiki. Ama VIP olarak hizmet veren bursa escort, siz de\u011ferli m\u00fc\u015fterilere ak\u015fam yeme\u011fi veya toplant\u0131 gibi i\u015f odakl\u0131 konularda da gidece\u011finiz yere uygun olarak giyinip, haz\u0131rlan\u0131p size e\u015flik edebilir. Prezervatif\/prezervatifsiz olarak se\u00e7enekler de bulunmakta. Sa\u011fl\u0131k a\u00e7\u0131s\u0131ndan kondom ile seks yapman\u0131z\u0131 \u00f6neriyoruz. Her ne kadar burada bulunan bayanlar d\u00fczenli sa\u011fl\u0131k kontrollerinden ge\u00e7se de, i\u015fi \u015fansa b\u0131rakmamak gerek. Belki sizde problem vard\u0131r?<\/p>\n\n\n\n<p>Bursa Escort \u00dccretleri Ne Kadar?<\/p>\n\n\n\n<p>\u00dclkemizin de\u011fi\u015fkenlik g\u00f6steren enflasyon sebebiyle sabit bir fiyat politikas\u0131 yok. Ayr\u0131ca alaca\u011f\u0131n\u0131z hizmete g\u00f6re ve bursa escort bayanlar\u0131n kalitesine g\u00f6re de\u011fi\u015febiliyor. Ortalama ise saatlik 300-1000 TL aras\u0131 diyebiliriz. Anal seks, swinger, k\u00f6lelik veya cimcif dedi\u011fimiz a\u011fza bo\u015falma tarz\u0131 \u00f6zel istekleriniz olur ise tabi ki fiyat artacakt\u0131r.<\/p>\n\n\n\n<p>Bursa Escort \u0130le G\u00f6r\u00fc\u015fme \u00d6ncesi Ne Yapmak Gerekiyor?<\/p>\n\n\n\n<p>Siz de\u011ferli ziyaret\u00e7iler ve m\u00fc\u015fteriler i\u00e7in, her g\u00f6r\u00fc\u015fme \u00f6ncesi titizlikle haz\u0131rlan\u0131rlar. Banyo yap\u0131p, makyaj tazeler ard\u0131ndan a kalite parf\u00fcm ile tenlerinde b\u00fcy\u00fcl\u00fc bir hava olu\u015ftururlar. Elbette sizden de ayn\u0131 temizlik ve hijyeni beklerler. G\u00f6r\u00fc\u015fme\/Randevu \u00f6ncesi mutlaka a\u011f\u0131z bak\u0131m\u0131n\u0131za ve bedeninizin temizli\u011fi konusuna \u00f6nem vermeniz gerekiyor. Bursa Escort ile g\u00f6r\u00fc\u015fmeden e\u011fer yan\u0131n\u0131zda \u00e7i\u00e7ek veya hediye g\u00f6t\u00fcr\u00fcrseniz, kad\u0131n\u0131n\u0131za verdi\u011finiz de\u011fer sayesinde sizinle daha \u00e7ok ilgilenecektir. Ayr\u0131ca sayg\u0131\/sevgi kurallar\u0131n\u0131 da unutmamak gerek!<\/p>\n\n\n\n<p>Bursa Escort \u00d6deme Y\u00f6ntemleri Nedir?<\/p>\n\n\n\n<p>Web sitemiz tamamen \u00fccretsiz bursa escort platformu olup sizlerden kesinlikle herhangi bir \u00f6deme istemez\/isteyemez. Ayr\u0131ca daha \u00f6nce bahsetti\u011fimiz gibi sizden g\u00f6r\u00fc\u015fme \u00f6ncesi \u00f6n \u00f6deme isteyen bayanlar\u0131 l\u00fctfen ihbar hatt\u0131m\u0131za bildiriniz. Sadece nakit \u00f6deme ge\u00e7mektedir.<\/p>\n","protected":false},"excerpt":{"rendered":"<p>Bursa Escort Ne Demek? Bursa ilinde hizmet veren, \u00e7o\u011funlukla gen\u00e7 ve orta ya\u015fl\u0131 bayanlar\u0131n para kar\u015f\u0131l\u0131\u011f\u0131 yapt\u0131\u011f\u0131 meslektir.&nbsp;Bursa Escort&nbsp;olarak anal, oral, masaj, ucuz vb gibi hizmet i\u00e7in resmi ve g\u00fcvenilir web site olan bursaescort.com siz ziyaret\u00e7ilere foto\u011frafl\u0131 ve a\u00e7\u0131klamal\u0131 olarak bayan portf\u00f6y\u00fc sunar. Bursa Escort Nerede Bulunur? Teknoloji \u00e7ok geli\u015fmemi\u015f iken bursa escort bayanlar genelde&hellip;<\/p>\n","protected":false},"author":7,"featured_media":0,"parent":0,"menu_order":0,"comment_status":"closed","ping_status":"closed","template":"elementor_canvas","meta":{"_lmt_disableupdate":"","_lmt_disable":""},"_links":{"self":[{"href":"https:\/\/mpeda.gov.in\/index.php?rest_route=\/wp\/v2\/pages\/9088"}],"collection":[{"href":"https:\/\/mpeda.gov.in\/index.php?rest_route=\/wp\/v2\/pages"}],"about":[{"href":"https:\/\/mpeda.gov.in\/index.php?rest_route=\/wp\/v2\/types\/page"}],"author":[{"embeddable":true,"href":"https:\/\/mpeda.gov.in\/index.php?rest_route=\/wp\/v2\/users\/7"}],"replies":[{"embeddable":true,"href":"https:\/\/mpeda.gov.in\/index.php?rest_route=%2Fwp%2Fv2%2Fcomments&post=9088"}],"version-history":[{"count":99,"href":"https:\/\/mpeda.gov.in\/index.php?rest_route=\/wp\/v2\/pages\/9088\/revisions"}],"predecessor-version":[{"id":11033,"href":"https:\/\/mpeda.gov.in\/index.php?rest_route=\/wp\/v2\/pages\/9088\/revisions\/11033"}],"wp:attachment":[{"href":"https:\/\/mpeda.gov.in\/index.php?rest_route=%2Fwp%2Fv2%2Fmedia&parent=9088"}],"curies":[{"name":"wp","href":"https:\/\/api.w.org\/{rel}","templated":true}]}}